{"id":888,"date":"2022-12-07T19:25:26","date_gmt":"2022-12-07T18:25:26","guid":{"rendered":"http:\/\/iso3200.org\/blog\/?page_id=888"},"modified":"2024-05-05T21:55:02","modified_gmt":"2024-05-05T20:55:02","slug":"contax-g-mount-lenses","status":"publish","type":"page","link":"https:\/\/iso3200.org\/blog\/references\/contax-g-mount-lenses\/","title":{"rendered":"Contax G mount lenses"},"content":{"rendered":"\n<p>Contax G mount was introduced in 1994. It is an electronic, autofocus mount made for 35mm-format rangefinder lenses. There is an electronic connection between the lens and camera to transmit data, but lenses have no AF motor and no means to adjust focus, focusing a lens is made by driving the focus motor in the camera, even in manual focus mode. Focusing is done by slotted &#8220;screwdriver&#8221; coupling, its autofocus system uses a twin-window rangefinder mechanism, just like a traditional, mechanical rangefinder.<\/p>\n\n\n\n<p>The mount has four tabs and uses a breech-lock mechanism. Its focal flange distance is 28.95mm and its throat diameter is 44mm. It is used on two cameras and seven Carl Zeiss-branded lenses. Vario-Sonnar lens was the first zoom lens for a rangefinder camera, at the time of introduction, in 2000. The only lens that does not feature autofocus is the Hologon 16mm lens; it has a fixed \u0192\/8 aperture.<\/p>\n\n\n\n<p>The Contax G lens system was officially discontinued by Kyocera in 2005.<\/p>\n\n\n\n<p class=\"has-very-light-gray-to-cyan-bluish-gray-gradient-background has-background\">Jump to: <strong><a href=\"#carl-zeiss-t-lenses\">Carl Zeiss T\u2217 lenses<\/a><\/strong>, <strong><a href=\"#zork-heliar-lenses\">Z\u00f6rk Heliar lenses<\/a><\/strong>.<\/p>\n\n\n\n<div style=\"height:60px\" aria-hidden=\"true\" class=\"wp-block-spacer\"><\/div>\n\n\n\n<h2 class=\"wp-block-heading\" id=\"carl-zeiss-t-lenses\">Carl Zeiss T\u2217 lenses<\/h2>\n\n\n\n<p>Lenses are made by Carl Zeiss and have no distinctive mount designation in their name.<\/p>\n\n\n\n<ul class=\"wp-block-list\">\n<li>Carl Zeiss Hologon <strong>16mm F8<\/strong> <mark style=\"background-color:rgba(0, 0, 0, 0)\" class=\"has-inline-color has-vivid-red-color\">T\u2217<\/mark><\/li>\n\n\n\n<li>Carl Zeiss Biogon <strong>21mm F2.8<\/strong> <mark style=\"background-color:rgba(0, 0, 0, 0)\" class=\"has-inline-color has-vivid-red-color\">T\u2217<\/mark><\/li>\n\n\n\n<li>Carl Zeiss Biogon <strong>28mm F2.8<\/strong> <mark style=\"background-color:rgba(0, 0, 0, 0)\" class=\"has-inline-color has-vivid-red-color\">T\u2217<\/mark><\/li>\n\n\n\n<li>Carl Zeiss Planar <strong>35mm F2<\/strong> <mark style=\"background-color:rgba(0, 0, 0, 0)\" class=\"has-inline-color has-vivid-red-color\">T\u2217<\/mark><\/li>\n\n\n\n<li>Carl Zeiss Vario-Sonnar <strong>35\u200d\u2013\u200d70mm F3.5\u200d\u2013\u200d5.6<\/strong> <mark style=\"background-color:rgba(0, 0, 0, 0)\" class=\"has-inline-color has-vivid-red-color\">T\u2217<\/mark><\/li>\n\n\n\n<li>Carl Zeiss Planar <strong>45mm F2<\/strong> <mark style=\"background-color:rgba(0, 0, 0, 0)\" class=\"has-inline-color has-vivid-red-color\">T\u2217<\/mark> <a href=\"https:\/\/www.flickr.com\/photos\/elkarrde\/sets\/72157686048218216\/\" target=\"_blank\" rel=\"noreferrer noopener\">\ud83d\udd17<\/a><\/li>\n\n\n\n<li>Carl Zeiss Sonnar <strong>90mm F2.8<\/strong> <mark style=\"background-color:rgba(0, 0, 0, 0)\" class=\"has-inline-color has-vivid-red-color\">T\u2217<\/mark><\/li>\n<\/ul>\n\n\n<style><\/style><style><\/style>\n<div class=\"wp-block-greenshift-blocks-iconbox gspb_iconBox gspb_iconBox-id-gsbp-1244b15\" id=\"gspb_iconBox-id-gsbp-1244b15\"><a class=\"gspb-containerlink\" href=\"#top\" title=\"Go to the top of the page\" rel=\"noopener\"><div class=\"gspb_iconBox__wrapper\" style=\"display:inline-flex\"><svg class=\"\" style=\"display:inline-block;vertical-align:middle\" width=\"72\" height=\"72\" viewBox=\"0 0 896 1024\" xmlns=\"http:\/\/www.w3.org\/2000\/svg\"><path style=\"fill:#565D66\" d=\"M12.202 523.798l39.598 39.598c9.372 9.372 24.568 9.372 33.942 0l310.258-310.26v682.864c0 13.254 10.746 24 24 24h56c13.254 0 24-10.746 24-24v-682.864l310.26 310.26c9.372 9.372 24.568 9.372 33.942 0l39.598-39.598c9.372-9.372 9.372-24.568 0-33.942l-418.83-418.826c-9.372-9.372-24.568-9.372-33.942 0l-418.826 418.828c-9.374 9.372-9.374 24.568 0 33.94z\"><\/path><\/svg><\/div><\/a><\/div>\n\n\n\n<div style=\"height:30px\" aria-hidden=\"true\" class=\"wp-block-spacer\"><\/div>\n\n\n\n<h2 class=\"wp-block-heading\" id=\"zork-heliar-lenses\">Z\u00f6rk Heliar lenses<\/h2>\n\n\n\n<p>Z\u00f6rk Heliar lenses are factory-modified M-mount Voigtl\u00e4nder Heliar ultra-wide lenses done by Z\u00f6rk Film &amp; Photoelectric from Munich, Germany. Lenses are true conversions, with newly machined mounts. Lenses are manual-focus only and retain full TTL metering and focus indicators in the viewfinder.<\/p>\n\n\n\n<ul class=\"wp-block-list\">\n<li>Voigtl\u00e4nder Ultra Wide-Heliar <strong>12mm F5.6<\/strong> <mark style=\"background-color:rgba(0, 0, 0, 0)\" class=\"has-inline-color has-vivid-red-color\">Aspherical<\/mark><\/li>\n\n\n\n<li>Voigtl\u00e4nder Super Wide-Heliar <strong>15mm F4.5<\/strong> <mark style=\"background-color:rgba(0, 0, 0, 0)\" class=\"has-inline-color has-vivid-red-color\">Aspherical<\/mark><\/li>\n<\/ul>\n\n\n<style><\/style><style><\/style>\n<div class=\"wp-block-greenshift-blocks-iconbox gspb_iconBox gspb_iconBox-id-gsbp-1244b15\" id=\"gspb_iconBox-id-gsbp-1244b15\"><a class=\"gspb-containerlink\" href=\"#top\" title=\"Go to the top of the page\" rel=\"noopener\"><div class=\"gspb_iconBox__wrapper\" style=\"display:inline-flex\"><svg class=\"\" style=\"display:inline-block;vertical-align:middle\" width=\"72\" height=\"72\" viewBox=\"0 0 896 1024\" xmlns=\"http:\/\/www.w3.org\/2000\/svg\"><path style=\"fill:#565D66\" d=\"M12.202 523.798l39.598 39.598c9.372 9.372 24.568 9.372 33.942 0l310.258-310.26v682.864c0 13.254 10.746 24 24 24h56c13.254 0 24-10.746 24-24v-682.864l310.26 310.26c9.372 9.372 24.568 9.372 33.942 0l39.598-39.598c9.372-9.372 9.372-24.568 0-33.942l-418.83-418.826c-9.372-9.372-24.568-9.372-33.942 0l-418.826 418.828c-9.374 9.372-9.374 24.568 0 33.94z\"><\/path><\/svg><\/div><\/a><\/div>\n\n\n\n<div style=\"height:30px\" aria-hidden=\"true\" class=\"wp-block-spacer\"><\/div>\n\n\n\n<h2 class=\"wp-block-heading\" id=\"references\">References<\/h2>\n\n\n\n<div class=\"wp-block-greenshift-blocks-toggler gs-contenttoggler gspb_toggle-id-gsbp-e948c60\" data-height=\"5rem\"><div class=\"gs-toggler-wrapper\" id=\"gs-togglergsbp-e948c60\" style=\"height:5rem\">\n<ul class=\"wp-block-list\">\n<li><a rel=\"noreferrer noopener\" href=\"https:\/\/antiquecameras.net\/contaxglens.html\" target=\"_blank\">Contax G Price &amp; Information Guide<\/a> on AntiqueCameras.net<\/li>\n\n\n\n<li><a rel=\"noreferrer noopener\" href=\"https:\/\/en.wikipedia.org\/wiki\/Contax_G\" target=\"_blank\">Contax G<\/a> on Wikipedia<\/li>\n\n\n\n<li><a href=\"http:\/\/www.zoerk.com\/pages\/p_heliar.htm\" target=\"_blank\" rel=\"noreferrer noopener\">Z\u00f6rk-Heliars<\/a><\/li>\n\n\n\n<li><a href=\"https:\/\/camerapedia.fandom.com\/wiki\/Contax_G\" target=\"_blank\" rel=\"noreferrer noopener\">Contax G<\/a> on Camerapedia<\/li>\n\n\n\n<li><a href=\"https:\/\/www.kenrockwell.com\/contax\/g-system.htm\" target=\"_blank\" rel=\"noreferrer noopener\">Contax G System<\/a> by Ken Rockwell<\/li>\n<\/ul>\n<span class=\"gs-tgl-trigger\" style=\"text-align:center;position:absolute;z-index:2;bottom:0;left:0;width:100%;color:\"><span class=\"gs-tgl-show\" tabindex=\"0\" role=\"button\" aria-label=\"Show more\" aria-controls=\"gs-togglergsbp-e948c60\" style=\"display:block\">Show more +<\/span><span class=\"gs-tgl-hide\" tabindex=\"0\" role=\"button\" aria-label=\"Show less\" aria-controls=\"gs-togglergsbp-e948c60\" style=\"display:none\">Show less &#8211;<\/span><\/span><span class=\"gs-tgl-grad\" style=\"background-image:linear-gradient(to bottom,rgba(255,255,255,0) 0,#ffffff 100%);display:block;position:absolute;height:100px;bottom:0;left:0;z-index:1;width:100%\"><\/span><\/div><\/div>\n\n\n\n<div style=\"height:45px\" aria-hidden=\"true\" class=\"wp-block-spacer\"><\/div>\n\n\n\n<hr class=\"wp-block-separator has-alpha-channel-opacity is-style-wide\"\/>\n\n\n\n<p><mark style=\"background-color:rgba(0, 0, 0, 0)\" class=\"has-inline-color has-vivid-green-cyan-color\">Last update: 13. 12. 2022.<\/mark><\/p>\n","protected":false},"excerpt":{"rendered":"<p>Contax G mount was introduced in 1994. It is an electronic, autofocus mount made for 35mm-format rangefinder lenses. There is an electronic connection between the lens and camera to transmit data, but lenses have no AF motor and no means to adjust focus, focusing a &hellip;<\/p>\n","protected":false},"author":2,"featured_media":0,"parent":82,"menu_order":0,"comment_status":"closed","ping_status":"closed","template":"","meta":{"_gspb_post_css":".gs-toggler-open{height:auto!important}.gs-toggler-open .gs-tgl-grad,.gs-toggler-open .gs-tgl-show{display:none!important}.gs-toggler-open .gs-tgl-hide{display:block!important}.gs-tgl-hide,.gs-tgl-show{cursor:pointer}.gs-contenttoggler *{box-sizing:border-box!important}.gs-toggler-wrapper{overflow:hidden;transition:all .5s ease;padding-bottom:35px;margin-bottom:30px;box-sizing:content-box!important;position:relative}.gs-toggler-wrapper p:last-of-type{margin-bottom:0}.gspb_toggle-id-gsbp-e948c60 .gs-tgl-trigger{font-weight:700!important}#gspb_iconBox-id-gsbp-1244b15 svg{height:10px!important;width:10px!important;min-width:10px!important;margin:0!important}#gspb_iconBox-id-gsbp-1244b15 a{justify-content:flex-end;display:flex}#gspb_iconBox-id-gsbp-1244b15 svg,#gspb_iconBox-id-gsbp-1244b15 svg path{fill:var(--gs-colorcustomcolor2, #2856ad)!important}#gspb_iconBox-id-gsbp-1244b15 .gspb_iconBox__wrapper:hover svg,#gspb_iconBox-id-gsbp-1244b15 .gspb_iconBox__wrapper:hover svg path,#gspb_iconBox-id-gsbp-1244b15 svg:hover,#gspb_iconBox-id-gsbp-1244b15 svg:hover path{fill:var(--gs-colorcustomcolor4, #152d5a)!important}#gspb_iconBox-id-gsbp-1244b15 .gspb_iconBox__wrapper:hover{background-color:var(--gs-colorcustomcolor1, #fafafa)!important}#gspb_iconBox-id-gsbp-1244b15 .gspb_iconBox__wrapper{border-radius:50%;margin:0;padding:.75rem}","inline_featured_image":false,"_import_markdown_pro_load_document_selector":0,"_import_markdown_pro_submit_text_textarea":"","jetpack_post_was_ever_published":false,"footnotes":""},"class_list":["post-888","page","type-page","status-publish","hentry"],"jetpack_sharing_enabled":true,"_links":{"self":[{"href":"https:\/\/iso3200.org\/blog\/wp-json\/wp\/v2\/pages\/888","targetHints":{"allow":["GET"]}}],"collection":[{"href":"https:\/\/iso3200.org\/blog\/wp-json\/wp\/v2\/pages"}],"about":[{"href":"https:\/\/iso3200.org\/blog\/wp-json\/wp\/v2\/types\/page"}],"author":[{"embeddable":true,"href":"https:\/\/iso3200.org\/blog\/wp-json\/wp\/v2\/users\/2"}],"replies":[{"embeddable":true,"href":"https:\/\/iso3200.org\/blog\/wp-json\/wp\/v2\/comments?post=888"}],"version-history":[{"count":17,"href":"https:\/\/iso3200.org\/blog\/wp-json\/wp\/v2\/pages\/888\/revisions"}],"predecessor-version":[{"id":3922,"href":"https:\/\/iso3200.org\/blog\/wp-json\/wp\/v2\/pages\/888\/revisions\/3922"}],"up":[{"embeddable":true,"href":"https:\/\/iso3200.org\/blog\/wp-json\/wp\/v2\/pages\/82"}],"wp:attachment":[{"href":"https:\/\/iso3200.org\/blog\/wp-json\/wp\/v2\/media?parent=888"}],"curies":[{"name":"wp","href":"https:\/\/api.w.org\/{rel}","templated":true}]}}