{"id":3025,"date":"2024-02-23T01:41:43","date_gmt":"2024-02-23T00:41:43","guid":{"rendered":"https:\/\/iso3200.org\/blog\/?page_id=3025"},"modified":"2024-03-26T12:11:35","modified_gmt":"2024-03-26T11:11:35","slug":"podrzite-nas","status":"publish","type":"page","link":"https:\/\/iso3200.org\/blog\/hr\/podrzite-nas\/","title":{"rendered":"Podr\u017eite nas"},"content":{"rendered":"\n<p>Odr\u017eavanje servera, hosting i domena, na\u017ealost, nije besplatno. Molimo vas da nam malom donacijom pomognete odr\u017eati ovu web stranicu \u017eivom.<\/p>\n\n\n\n<p>Uskoro \u0107e biti dostupni op\u0161irniji podaci o sustavima i objektivima dostupnima u <a href=\"https:\/\/iso3200.org\/blog\/hr\/baza-podataka\/\">Bazi podataka<\/a>, kao i potpuni API pristup. Svi koji su nas podr\u017eali \u0107e dobiti pristup oba resursa, \u010dim budu dostupni.<\/p>\n\n\n\n<p>Hvala vam!<\/p>\n\n\n\n<div style=\"height:45px\" aria-hidden=\"true\" class=\"wp-block-spacer\"><\/div>\n\n\n\n<div class=\"wp-block-group\"><div class=\"wp-block-group__inner-container is-layout-constrained wp-block-group-is-layout-constrained\">\n<div style=\"height:35px\" aria-hidden=\"true\" class=\"wp-block-spacer\"><\/div>\n\n\n\n<div class=\"wp-block-columns is-layout-flex wp-container-core-columns-is-layout-9d6595d7 wp-block-columns-is-layout-flex\">\n<div class=\"wp-block-column is-layout-flow wp-block-column-is-layout-flow\">\n<div class=\"wp-block-buttons is-content-justification-center is-layout-flex wp-container-core-buttons-is-layout-16018d1d wp-block-buttons-is-layout-flex\">\n<div class=\"wp-block-button has-custom-width wp-block-button__width-100 is-style-outline is-style-outline--1\" style=\"text-transform:none\"><a class=\"wp-block-button__link has-text-color has-background has-link-color has-text-align-center wp-element-button\" href=\"https:\/\/ko-fi.com\/iso3200org\" style=\"border-radius:5px;color:#434b57;background-color:#13c3ff\" target=\"_blank\" rel=\"noreferrer noopener\"><strong>Podr\u017ei nas na Ko-fi<\/strong><\/a><\/div>\n<\/div>\n<\/div>\n\n\n\n<div class=\"wp-block-column is-layout-flow wp-block-column-is-layout-flow\">\n<div class=\"wp-block-buttons is-content-justification-center is-layout-flex wp-container-core-buttons-is-layout-16018d1d wp-block-buttons-is-layout-flex\">\n<div class=\"wp-block-button has-custom-width wp-block-button__width-100 is-style-outline is-style-outline--2\"><a class=\"wp-block-button__link has-text-color has-background has-link-color has-text-align-center wp-element-button\" href=\"http:\/\/patreon.com\/user?u=119977820\" style=\"border-radius:5px;color:#052d49;background-color:#f96854\" target=\"_blank\" rel=\"noreferrer noopener\"><strong>Podr\u017ei nas na Patreonu<\/strong><\/a><\/div>\n<\/div>\n<\/div>\n\n\n\n<div class=\"wp-block-column is-layout-flow wp-block-column-is-layout-flow\">\n<div class=\"wp-block-buttons is-content-justification-center is-layout-flex wp-container-core-buttons-is-layout-16018d1d wp-block-buttons-is-layout-flex\">\n<div class=\"wp-block-button has-custom-width wp-block-button__width-100 is-style-outline is-style-outline--3\"><a class=\"wp-block-button__link has-text-color has-background has-link-color has-text-align-center wp-element-button\" href=\"https:\/\/liberapay.com\/elkarrde\/donate\" style=\"border-radius:5px;color:#1a171b;background-color:#f6c915\" target=\"_blank\" rel=\"noreferrer noopener\"><strong>Podr\u017ei nas na Liberapay<\/strong><\/a><\/div>\n<\/div>\n<\/div>\n<\/div>\n\n\n\n<div style=\"height:35px\" aria-hidden=\"true\" class=\"wp-block-spacer\"><\/div>\n<\/div><\/div>\n","protected":false},"excerpt":{"rendered":"<p>Odr\u017eavanje servera, hosting i domena, na\u017ealost, nije besplatno. Molimo vas da nam malom donacijom pomognete odr\u017eati ovu web stranicu \u017eivom. Uskoro \u0107e biti dostupni op\u0161irniji podaci o sustavima i objektivima dostupnima u Bazi podataka, kao i potpuni API pristup. Svi koji su nas podr\u017eali \u0107e &hellip;<\/p>\n","protected":false},"author":2,"featured_media":0,"parent":0,"menu_order":0,"comment_status":"closed","ping_status":"open","template":"","meta":{"_gspb_post_css":"","inline_featured_image":false,"_import_markdown_pro_load_document_selector":0,"_import_markdown_pro_submit_text_textarea":"","jetpack_post_was_ever_published":false,"footnotes":""},"class_list":["post-3025","page","type-page","status-publish","hentry"],"jetpack_sharing_enabled":true,"_links":{"self":[{"href":"https:\/\/iso3200.org\/blog\/wp-json\/wp\/v2\/pages\/3025","targetHints":{"allow":["GET"]}}],"collection":[{"href":"https:\/\/iso3200.org\/blog\/wp-json\/wp\/v2\/pages"}],"about":[{"href":"https:\/\/iso3200.org\/blog\/wp-json\/wp\/v2\/types\/page"}],"author":[{"embeddable":true,"href":"https:\/\/iso3200.org\/blog\/wp-json\/wp\/v2\/users\/2"}],"replies":[{"embeddable":true,"href":"https:\/\/iso3200.org\/blog\/wp-json\/wp\/v2\/comments?post=3025"}],"version-history":[{"count":4,"href":"https:\/\/iso3200.org\/blog\/wp-json\/wp\/v2\/pages\/3025\/revisions"}],"predecessor-version":[{"id":3595,"href":"https:\/\/iso3200.org\/blog\/wp-json\/wp\/v2\/pages\/3025\/revisions\/3595"}],"wp:attachment":[{"href":"https:\/\/iso3200.org\/blog\/wp-json\/wp\/v2\/media?parent=3025"}],"curies":[{"name":"wp","href":"https:\/\/api.w.org\/{rel}","templated":true}]}}